{"id":25,"date":"2024-08-02T15:21:00","date_gmt":"2024-08-02T15:21:00","guid":{"rendered":"https:\/\/crazytribe.fi\/?page_id=25"},"modified":"2026-03-02T19:55:43","modified_gmt":"2026-03-02T19:55:43","slug":"tour","status":"publish","type":"page","link":"https:\/\/crazytribe.fi\/index.php\/tour\/","title":{"rendered":"SHOWS"},"content":{"rendered":"\n<div class=\"wp-block-group is-nowrap is-layout-flex wp-container-core-group-is-layout-ad2f72ca wp-block-group-is-layout-flex\">\n<h5 class=\"wp-block-heading\">April 25, 2026 &#8211; Sataman Krouwi,<\/h5>\n\n\n\n<h5 class=\"wp-block-heading\">Kemi<\/h5>\n<\/div>\n\n\n\n<hr class=\"wp-block-separator has-alpha-channel-opacity\"\/>\n\n\n\n<h2 class=\"wp-block-heading\">PAST SHOWS<\/h2>\n\n\n\n<div class=\"wp-block-group is-nowrap is-layout-flex wp-container-core-group-is-layout-ad2f72ca wp-block-group-is-layout-flex\">\n<h5 class=\"wp-block-heading\">August 1, 2025 &#8211; Kunkku Fest 2025,<\/h5>\n\n\n\n<h5 class=\"wp-block-heading\">Tyrn\u00e4v\u00e4<\/h5>\n<\/div>\n\n\n\n<div class=\"wp-block-group is-nowrap is-layout-flex wp-container-core-group-is-layout-ad2f72ca wp-block-group-is-layout-flex\">\n<h5 class=\"wp-block-heading\">July 26, 2025 &#8211; Mustang Fun Run 2025,<\/h5>\n\n\n\n<h5 class=\"wp-block-heading\">Ukkohalla<\/h5>\n<\/div>\n\n\n\n<div class=\"wp-block-group is-nowrap is-layout-flex wp-container-core-group-is-layout-ad2f72ca wp-block-group-is-layout-flex\">\n<h5 class=\"wp-block-heading has-text-align-right\">August 3, 2024 &#8211; Uuden Perunan Juhla, Tyrn\u00e4v\u00e4<\/h5>\n<\/div>\n\n\n\n<div class=\"wp-block-group is-nowrap is-layout-flex wp-container-core-group-is-layout-ad2f72ca wp-block-group-is-layout-flex\">\n<h5 class=\"wp-block-heading has-text-align-right\">August 2, 2024 &#8211;<\/h5>\n\n\n\n<h5 class=\"wp-block-heading has-text-align-right\">Uuden Perunan Juhla,<\/h5>\n\n\n\n<h5 class=\"wp-block-heading\">Tyrn\u00e4v\u00e4<\/h5>\n<\/div>\n\n\n\n<div class=\"wp-block-group is-nowrap is-layout-flex wp-container-core-group-is-layout-ad2f72ca wp-block-group-is-layout-flex\">\n<h5 class=\"wp-block-heading has-text-align-right\">July 6, 2024<\/h5>\n\n\n\n<h5 class=\"wp-block-heading has-text-align-right\">&#8211; Private Party,<\/h5>\n\n\n\n<h5 class=\"wp-block-heading\">Pyh\u00e4joki<\/h5>\n<\/div>\n\n\n\n<div class=\"wp-block-group is-nowrap is-layout-flex wp-container-core-group-is-layout-ad2f72ca wp-block-group-is-layout-flex\">\n<h5 class=\"wp-block-heading has-text-align-right\">June 8, 2024<\/h5>\n\n\n\n<h5 class=\"wp-block-heading has-text-align-right\">&#8211; Private Party,<\/h5>\n\n\n\n<h5 class=\"wp-block-heading\">Lumijoki<\/h5>\n<\/div>\n\n\n\n<p><\/p>\n","protected":false},"excerpt":{"rendered":"<p>April 25, 2026 &#8211; Sataman Krouwi, Kemi PAST SHOWS August 1, 2025 &#8211; Kunkku Fest 2025, Tyrn\u00e4v\u00e4 July 26, 2025 &#8211; Mustang Fun Run 2025, Ukkohalla August 3, 2024 &#8211; Uuden Perunan Juhla, Tyrn\u00e4v\u00e4 August 2, 2024 &#8211; Uuden Perunan Juhla, Tyrn\u00e4v\u00e4 July 6, 2024 <span class=\"read-more\"><a class=\"more-link btn btn-transparent\" href=\"https:\/\/crazytribe.fi\/index.php\/tour\/\">Read More &#8230;<\/a><\/span><\/p>\n","protected":false},"author":1,"featured_media":0,"parent":0,"menu_order":0,"comment_status":"closed","ping_status":"closed","template":"","meta":{"footnotes":""},"class_list":["post-25","page","type-page","status-publish","hentry"],"_links":{"self":[{"href":"https:\/\/crazytribe.fi\/index.php\/wp-json\/wp\/v2\/pages\/25","targetHints":{"allow":["GET"]}}],"collection":[{"href":"https:\/\/crazytribe.fi\/index.php\/wp-json\/wp\/v2\/pages"}],"about":[{"href":"https:\/\/crazytribe.fi\/index.php\/wp-json\/wp\/v2\/types\/page"}],"author":[{"embeddable":true,"href":"https:\/\/crazytribe.fi\/index.php\/wp-json\/wp\/v2\/users\/1"}],"replies":[{"embeddable":true,"href":"https:\/\/crazytribe.fi\/index.php\/wp-json\/wp\/v2\/comments?post=25"}],"version-history":[{"count":15,"href":"https:\/\/crazytribe.fi\/index.php\/wp-json\/wp\/v2\/pages\/25\/revisions"}],"predecessor-version":[{"id":202,"href":"https:\/\/crazytribe.fi\/index.php\/wp-json\/wp\/v2\/pages\/25\/revisions\/202"}],"wp:attachment":[{"href":"https:\/\/crazytribe.fi\/index.php\/wp-json\/wp\/v2\/media?parent=25"}],"curies":[{"name":"wp","href":"https:\/\/api.w.org\/{rel}","templated":true}]}}